{"id":704,"date":"2025-03-21T14:52:10","date_gmt":"2025-03-21T18:52:10","guid":{"rendered":"https:\/\/teciss.com\/?page_id=704"},"modified":"2025-04-09T11:55:36","modified_gmt":"2025-04-09T15:55:36","slug":"energia-solar-fotovoltaica","status":"publish","type":"page","link":"https:\/\/teciss.com\/index.php\/energia-solar-fotovoltaica\/","title":{"rendered":"Kits solares"},"content":{"rendered":"<div style=\"height:72px\" aria-hidden=\"true\" class=\"wp-block-spacer\"><\/div><h1 class=\"wp-block-heading\"><strong>Kit solares fotovoltaicos<\/strong><\/h1><p><\/p><p><\/p><div class=\"wp-block-columns alignwide is-layout-flex wp-container-core-columns-is-layout-d2da2050 wp-block-columns-is-layout-flex\" style=\"margin-bottom:0\"><div class=\"wp-block-column has-text-color has-background has-link-color wp-elements-c15b0417fec46dcffcbe5e3d03c3a24e is-layout-flow wp-block-column-is-layout-flow\" style=\"color:#000000;background-color:#ffe97d;padding-top:2em;padding-right:2em;padding-bottom:2em;padding-left:2em\"><h3 class=\"wp-block-heading\" id=\"single\" style=\"font-size:40px\"><strong>Kit con bater\u00edas de Plomo<\/strong><\/h3>\n\n<p class=\"has-normal-font-size\" style=\"line-height:1.5\"><strong>Ahorre para su propia econom\u00eda<\/strong><\/p>\n\n<hr class=\"wp-block-separator has-text-color has-css-opacity has-background is-style-wide\" style=\"background-color:#000000;color:#000000\"\/>\n\n<ul class=\"wp-block-list has-normal-font-size\"><li>peque\u00f1a descripci\u00f3n<\/li><\/ul>\n\n<div class=\"wp-block-buttons alignfull is-horizontal is-content-justification-center is-layout-flex wp-container-core-buttons-is-layout-03627597 wp-block-buttons-is-layout-flex\"><div class=\"wp-block-button has-custom-width wp-block-button__width-100\"><a class=\"wp-block-button__link has-white-color has-text-color has-background no-border-radius wp-element-button\" href=\"https:\/\/teciss.com\/index.php\/contact\/\" style=\"background-color:#000000\">Cotizar<\/a><\/div><\/div><\/div>\n\n<div class=\"wp-block-column has-text-color has-background has-link-color wp-elements-e1c129f8f6b9c9688778f5a1eef9188d is-layout-flow wp-block-column-is-layout-flow\" style=\"color:#000000;background-color:#d1d1e1;padding-top:2em;padding-right:2em;padding-bottom:2em;padding-left:2em\"><h2 class=\"wp-block-heading\" id=\"family\" style=\"font-size:40px\"><strong>Kit con bater\u00edas de Gel<\/strong><\/h2>\n\n<p class=\"has-normal-font-size\" style=\"line-height:1.5\"><strong>Sistema m\u00e1s equilibrado y duradero<\/strong><\/p>\n\n<hr class=\"wp-block-separator has-css-opacity is-style-wide\"\/>\n\n<ul class=\"wp-block-list has-normal-font-size\"><li>peque\u00f1a descripcion<\/li><\/ul>\n\n<div class=\"wp-block-buttons alignfull is-horizontal is-content-justification-center is-layout-flex wp-container-core-buttons-is-layout-03627597 wp-block-buttons-is-layout-flex\"><div class=\"wp-block-button has-custom-width wp-block-button__width-100 is-style-fill\"><a class=\"wp-block-button__link has-white-color has-text-color has-background no-border-radius wp-element-button\" href=\"https:\/\/teciss.com\/index.php\/contact\/\" style=\"background-color:#000000\">Cotizar<\/a><\/div><\/div><\/div>\n\n<div class=\"wp-block-column has-text-color has-background has-link-color wp-elements-8cde9e6c35e56276c1501931bb4aed40 is-layout-flow wp-block-column-is-layout-flow\" style=\"color:#000000;background-color:#c0ebf1;padding-top:2em;padding-right:2em;padding-bottom:2em;padding-left:2em\"><h2 class=\"wp-block-heading\" id=\"patron\" style=\"font-size:40px\"><strong>Kit con bater\u00edas de LiFePO4<\/strong><\/h2>\n\n<p class=\"has-normal-font-size\"><strong>Lleve al m\u00e1ximo su rendimiento<\/strong><\/p>\n\n<hr class=\"wp-block-separator has-css-opacity is-style-wide\"\/>\n\n<ul class=\"wp-block-list has-normal-font-size\"><li>peque\u00f1a descripcion<\/li><\/ul>\n\n<div class=\"wp-block-buttons alignfull is-horizontal is-content-justification-center is-layout-flex wp-container-core-buttons-is-layout-03627597 wp-block-buttons-is-layout-flex\"><div class=\"wp-block-button has-custom-width wp-block-button__width-100\"><a class=\"wp-block-button__link has-white-color has-text-color has-background no-border-radius wp-element-button\" href=\"https:\/\/teciss.com\/index.php\/contact\/\" style=\"background-color:#000000\">Cotizar<\/a><\/div><\/div><\/div><\/div><div style=\"height:100px\" aria-hidden=\"true\" class=\"wp-block-spacer\"><\/div><p><\/p><p><\/p><div class=\"wp-block-columns is-layout-flex wp-container-core-columns-is-layout-28f84493 wp-block-columns-is-layout-flex\"><div class=\"wp-block-column is-layout-flow wp-block-column-is-layout-flow\"><figure class=\"wp-block-image size-large\"><img loading=\"lazy\" decoding=\"async\" width=\"886\" height=\"1024\" src=\"https:\/\/teciss.com\/wp-content\/uploads\/2025\/03\/kit-solar-1-886x1024.jpg\" alt=\"\" class=\"wp-image-718\" srcset=\"https:\/\/teciss.com\/wp-content\/uploads\/2025\/03\/kit-solar-1-886x1024.jpg 886w, https:\/\/teciss.com\/wp-content\/uploads\/2025\/03\/kit-solar-1-259x300.jpg 259w, https:\/\/teciss.com\/wp-content\/uploads\/2025\/03\/kit-solar-1-768x888.jpg 768w, https:\/\/teciss.com\/wp-content\/uploads\/2025\/03\/kit-solar-1-600x694.jpg 600w, https:\/\/teciss.com\/wp-content\/uploads\/2025\/03\/kit-solar-1.jpg 897w\" sizes=\"auto, (max-width: 886px) 100vw, 886px\" \/><\/figure><\/div>\n\n<div class=\"wp-block-column is-layout-flow wp-block-column-is-layout-flow\"><h2 class=\"wp-block-heading\">Kit fotovoltaico con bater\u00edas de Plomo<\/h2>\n\n<div style=\"height:27px\" aria-hidden=\"true\" class=\"wp-block-spacer\"><\/div>\n\n<h4 class=\"wp-block-heading\">COMPONENTES DEL KIT<\/h4>\n\n<p><\/p>\n\n<ul class=\"wp-block-list\"><li>4 Paneles solares de 250 W<\/li>\n\n<li>Bater\u00eda de Plomo-\u00e1cido<\/li>\n\n<li>Se incluyen los materiales electricos para la instalaci\u00f3on<\/li>\n\n<li><\/li><\/ul>\n\n<h4 class=\"wp-block-heading\">T\u00c9RMINOS Y CONDICIONES<\/h4>\n\n<p>Se incluye el montaje del sistema con una garant\u00eda de 3 meses<\/p>\n\n<h4 class=\"wp-block-heading\">EQUIVALENTE DE CONSUMO<\/h4>\n\n<p>Con este sistema puede generar electricidad para abastecer su casa permitiendo el uso del refrigerador, y varias luminarias<\/p><\/div><\/div><div style=\"height:20px\" aria-hidden=\"true\" class=\"wp-block-spacer\"><\/div><div class=\"wp-block-buttons is-layout-flex wp-block-buttons-is-layout-flex\"><div class=\"wp-block-button\"><a class=\"wp-block-button__link wp-element-button\" href=\"https:\/\/teciss.com\/index.php\/contactus\">Cont\u00e1ctenos<\/a><\/div><\/div><div style=\"height:100px\" aria-hidden=\"true\" class=\"wp-block-spacer\"><\/div><p><\/p><p><\/p><div class=\"wp-block-columns is-layout-flex wp-container-core-columns-is-layout-28f84493 wp-block-columns-is-layout-flex\"><div class=\"wp-block-column is-layout-flow wp-block-column-is-layout-flow\"><figure class=\"wp-block-image size-large\"><img loading=\"lazy\" decoding=\"async\" width=\"975\" height=\"1024\" src=\"https:\/\/teciss.com\/wp-content\/uploads\/2025\/03\/sistema-con-inv1-1-975x1024.jpg\" alt=\"\" class=\"wp-image-719\" srcset=\"https:\/\/teciss.com\/wp-content\/uploads\/2025\/03\/sistema-con-inv1-1-975x1024.jpg 975w, https:\/\/teciss.com\/wp-content\/uploads\/2025\/03\/sistema-con-inv1-1-286x300.jpg 286w, https:\/\/teciss.com\/wp-content\/uploads\/2025\/03\/sistema-con-inv1-1-768x806.jpg 768w, https:\/\/teciss.com\/wp-content\/uploads\/2025\/03\/sistema-con-inv1-1-600x630.jpg 600w, https:\/\/teciss.com\/wp-content\/uploads\/2025\/03\/sistema-con-inv1-1.jpg 1219w\" sizes=\"auto, (max-width: 975px) 100vw, 975px\" \/><\/figure><\/div>\n\n<div class=\"wp-block-column is-layout-flow wp-block-column-is-layout-flow\"><h2 class=\"wp-block-heading\">Kit fotovoltaico con bater\u00edas de Gel<\/h2>\n\n<div style=\"height:27px\" aria-hidden=\"true\" class=\"wp-block-spacer\"><\/div>\n\n<h4 class=\"wp-block-heading\">COMPONENTES DEL KIT<\/h4>\n\n<p><\/p>\n\n<ul class=\"wp-block-list\"><li>4 Paneles solares de 250 W<\/li>\n\n<li>Bater\u00eda de Gel<\/li>\n\n<li>Se incluyen los materiales electricos para la instalaci\u00f3on<\/li>\n\n<li><\/li><\/ul>\n\n<h4 class=\"wp-block-heading\">TERMINOS Y CONDICIONES<\/h4>\n\n<p>Se incluye el montaje del sistema con una garant\u00eda de 3 meses<\/p>\n\n<h4 class=\"wp-block-heading\">EQUIVALENTE DE CONSUMO<\/h4>\n\n<p>Con este sistema puede generar electricidad para abastecer su casa permitiendo el uso del refrigerador, y varias luminarias<\/p><\/div><\/div><div style=\"height:20px\" aria-hidden=\"true\" class=\"wp-block-spacer\"><\/div><div class=\"wp-block-buttons is-layout-flex wp-block-buttons-is-layout-flex\"><div class=\"wp-block-button\"><a class=\"wp-block-button__link wp-element-button\" href=\"https:\/\/teciss.com\/index.php\/contactus\">Cont\u00e1ctenos<\/a><\/div><\/div><div style=\"height:100px\" aria-hidden=\"true\" class=\"wp-block-spacer\"><\/div><p><\/p><div style=\"height:100px\" aria-hidden=\"true\" class=\"wp-block-spacer\"><\/div><div class=\"wp-block-columns is-layout-flex wp-container-core-columns-is-layout-28f84493 wp-block-columns-is-layout-flex\"><div class=\"wp-block-column is-layout-flow wp-block-column-is-layout-flow\"><figure class=\"wp-block-image size-full\"><img loading=\"lazy\" decoding=\"async\" width=\"644\" height=\"737\" src=\"https:\/\/teciss.com\/wp-content\/uploads\/2025\/03\/KIT-SOLAR1.png\" alt=\"\" class=\"wp-image-706\" srcset=\"https:\/\/teciss.com\/wp-content\/uploads\/2025\/03\/KIT-SOLAR1.png 644w, https:\/\/teciss.com\/wp-content\/uploads\/2025\/03\/KIT-SOLAR1-262x300.png 262w, https:\/\/teciss.com\/wp-content\/uploads\/2025\/03\/KIT-SOLAR1-600x687.png 600w\" sizes=\"auto, (max-width: 644px) 100vw, 644px\" \/><\/figure><\/div>\n\n<div class=\"wp-block-column is-layout-flow wp-block-column-is-layout-flow\"><h2 class=\"wp-block-heading\">Kit fotovoltaico con bater\u00edas de LiFePO4<\/h2>\n\n<div style=\"height:27px\" aria-hidden=\"true\" class=\"wp-block-spacer\"><\/div>\n\n<h4 class=\"wp-block-heading\">COMPONENTES DEL KIT<\/h4>\n\n<p><\/p>\n\n<ul class=\"wp-block-list\"><li>4 Paneles solares de 250 W<\/li>\n\n<li>Bater\u00eda de LiFePO4<\/li>\n\n<li>Se incluyen los materiales electricos para la instalaci\u00f3on<\/li>\n\n<li><\/li><\/ul>\n\n<h4 class=\"wp-block-heading\">TERMINOS Y CONDICIONES<\/h4>\n\n<p>Se incluye el montaje del sistema con una garant\u00eda de 3 meses<\/p>\n\n<h4 class=\"wp-block-heading\">EQUIVALENTE DE CONSUMO<\/h4>\n\n<p>Con este sistema puede generar electricidad para abastecer su casa permitiendo el uso del refrigerador, y varias luminarias<\/p><\/div><\/div><div style=\"height:20px\" aria-hidden=\"true\" class=\"wp-block-spacer\"><\/div><div class=\"wp-block-buttons is-layout-flex wp-block-buttons-is-layout-flex\"><div class=\"wp-block-button\"><a class=\"wp-block-button__link wp-element-button\" href=\"https:\/\/teciss.com\/index.php\/contactus\">Cont\u00e1ctenos<\/a><\/div><\/div><div style=\"height:100px\" aria-hidden=\"true\" class=\"wp-block-spacer\"><\/div><p><\/p>","protected":false},"excerpt":{"rendered":"<p>Kit solares fotovoltaicos Kit con bater\u00edas de Plomo Ahorre para su propia econom\u00eda Kit con bater\u00edas de Gel Sistema m\u00e1s equilibrado y duradero Kit con bater\u00edas de LiFePO4 Lleve al m\u00e1ximo su rendimiento Kit fotovoltaico con bater\u00edas de Plomo COMPONENTES DEL KIT T\u00c9RMINOS Y CONDICIONES Se incluye el montaje del sistema con una garant\u00eda de [&hellip;]<\/p>\n","protected":false},"author":1,"featured_media":0,"parent":0,"menu_order":0,"comment_status":"closed","ping_status":"closed","template":"","meta":{"_regular_price":[],"currency_symbol":[],"footnotes":""},"class_list":["post-704","page","type-page","status-publish","hentry"],"post_slider_layout_featured_media_urls":{"thumbnail":"","post_slider_layout_landscape_large":"","post_slider_layout_portrait_large":"","post_slider_layout_square_large":"","post_slider_layout_landscape":"","post_slider_layout_portrait":"","post_slider_layout_square":"","full":""},"_links":{"self":[{"href":"https:\/\/teciss.com\/index.php\/wp-json\/wp\/v2\/pages\/704","targetHints":{"allow":["GET"]}}],"collection":[{"href":"https:\/\/teciss.com\/index.php\/wp-json\/wp\/v2\/pages"}],"about":[{"href":"https:\/\/teciss.com\/index.php\/wp-json\/wp\/v2\/types\/page"}],"author":[{"embeddable":true,"href":"https:\/\/teciss.com\/index.php\/wp-json\/wp\/v2\/users\/1"}],"replies":[{"embeddable":true,"href":"https:\/\/teciss.com\/index.php\/wp-json\/wp\/v2\/comments?post=704"}],"version-history":[{"count":8,"href":"https:\/\/teciss.com\/index.php\/wp-json\/wp\/v2\/pages\/704\/revisions"}],"predecessor-version":[{"id":944,"href":"https:\/\/teciss.com\/index.php\/wp-json\/wp\/v2\/pages\/704\/revisions\/944"}],"wp:attachment":[{"href":"https:\/\/teciss.com\/index.php\/wp-json\/wp\/v2\/media?parent=704"}],"curies":[{"name":"wp","href":"https:\/\/api.w.org\/{rel}","templated":true}]}}