{"id":297,"date":"2024-06-07T14:28:07","date_gmt":"2024-06-07T18:28:07","guid":{"rendered":"https:\/\/teciss.com\/index.php\/faq-2\/"},"modified":"2025-03-26T13:37:32","modified_gmt":"2025-03-26T17:37:32","slug":"faq-2","status":"publish","type":"page","link":"https:\/\/teciss.com\/index.php\/faq-2\/","title":{"rendered":"Faq"},"content":{"rendered":"<div style=\"height:100px\" aria-hidden=\"true\" class=\"wp-block-spacer\"><\/div><div class=\"wp-block-group is-vertical is-layout-flex wp-container-core-group-is-layout-fe9cc265 wp-block-group-is-layout-flex\"><h2 class=\"wp-block-heading\">Cu\u00e1les sistemas fotovoltaicos son mejores<\/h2>\n\n<p>para sistemas &#8230;.. se recomienda &#8230;..<\/p><\/div><div style=\"height:24px\" aria-hidden=\"true\" class=\"wp-block-spacer\"><\/div><div class=\"wp-block-group is-vertical is-layout-flex wp-container-core-group-is-layout-fe9cc265 wp-block-group-is-layout-flex\"><h2 class=\"wp-block-heading\">Cu\u00e1les sistemas fotovoltaicos son mejores<\/h2>\n\n<p>para sistemas &#8230;.. se recomienda &#8230;..<\/p><\/div><div style=\"height:19px\" aria-hidden=\"true\" class=\"wp-block-spacer\"><\/div><div class=\"wp-block-group is-vertical is-layout-flex wp-container-core-group-is-layout-fe9cc265 wp-block-group-is-layout-flex\"><h2 class=\"wp-block-heading\">Cu\u00e1les sistemas fotovoltaicos son mejores<\/h2>\n\n<p>para sistemas &#8230;.. se recomienda &#8230;..<\/p><\/div><div style=\"height:20px\" aria-hidden=\"true\" class=\"wp-block-spacer\"><\/div><div class=\"wp-block-group is-vertical is-layout-flex wp-container-core-group-is-layout-fe9cc265 wp-block-group-is-layout-flex\"><h2 class=\"wp-block-heading\">Cu\u00e1les sistemas fotovoltaicos son mejores<\/h2>\n\n<p>para sistemas &#8230;.. se recomienda &#8230;..<\/p><\/div><div style=\"height:100px\" aria-hidden=\"true\" class=\"wp-block-spacer\"><\/div><div class=\"wp-block-buttons is-content-justification-center is-layout-flex wp-container-core-buttons-is-layout-a89b3969 wp-block-buttons-is-layout-flex\"><div class=\"wp-block-button\"><a class=\"wp-block-button__link wp-element-button\" href=\"https:\/\/teciss.com\/index.php\/contact\/\">Cont\u00e1ctenos<\/a><\/div><\/div><div style=\"height:100px\" aria-hidden=\"true\" class=\"wp-block-spacer\"><\/div><p><\/p>","protected":false},"excerpt":{"rendered":"<p>Cu\u00e1les sistemas fotovoltaicos son mejores para sistemas &#8230;.. se recomienda &#8230;.. Cu\u00e1les sistemas fotovoltaicos son mejores para sistemas &#8230;.. se recomienda &#8230;.. Cu\u00e1les sistemas fotovoltaicos son mejores para sistemas &#8230;.. se recomienda &#8230;.. Cu\u00e1les sistemas fotovoltaicos son mejores para sistemas &#8230;.. se recomienda &#8230;..<\/p>\n","protected":false},"author":1,"featured_media":0,"parent":0,"menu_order":0,"comment_status":"closed","ping_status":"closed","template":"","meta":{"_regular_price":[],"currency_symbol":[],"footnotes":""},"class_list":["post-297","page","type-page","status-publish","hentry"],"post_slider_layout_featured_media_urls":{"thumbnail":"","post_slider_layout_landscape_large":"","post_slider_layout_portrait_large":"","post_slider_layout_square_large":"","post_slider_layout_landscape":"","post_slider_layout_portrait":"","post_slider_layout_square":"","full":""},"_links":{"self":[{"href":"https:\/\/teciss.com\/index.php\/wp-json\/wp\/v2\/pages\/297","targetHints":{"allow":["GET"]}}],"collection":[{"href":"https:\/\/teciss.com\/index.php\/wp-json\/wp\/v2\/pages"}],"about":[{"href":"https:\/\/teciss.com\/index.php\/wp-json\/wp\/v2\/types\/page"}],"author":[{"embeddable":true,"href":"https:\/\/teciss.com\/index.php\/wp-json\/wp\/v2\/users\/1"}],"replies":[{"embeddable":true,"href":"https:\/\/teciss.com\/index.php\/wp-json\/wp\/v2\/comments?post=297"}],"version-history":[{"count":1,"href":"https:\/\/teciss.com\/index.php\/wp-json\/wp\/v2\/pages\/297\/revisions"}],"predecessor-version":[{"id":781,"href":"https:\/\/teciss.com\/index.php\/wp-json\/wp\/v2\/pages\/297\/revisions\/781"}],"wp:attachment":[{"href":"https:\/\/teciss.com\/index.php\/wp-json\/wp\/v2\/media?parent=297"}],"curies":[{"name":"wp","href":"https:\/\/api.w.org\/{rel}","templated":true}]}}