{"id":289,"date":"2024-06-07T14:28:07","date_gmt":"2024-06-07T18:28:07","guid":{"rendered":"https:\/\/teciss.com\/index.php\/home-2\/"},"modified":"2025-03-26T08:23:43","modified_gmt":"2025-03-26T12:23:43","slug":"home-2","status":"publish","type":"page","link":"https:\/\/teciss.com\/","title":{"rendered":"Home"},"content":{"rendered":"<div style=\"height:100px\" aria-hidden=\"true\" class=\"wp-block-spacer\"><\/div><h2 class=\"wp-block-heading has-text-align-center\"><strong>Transformando la Energ\u00eda, Construyendo un Futuro Sostenible<\/strong><\/h2><div style=\"height:37px\" aria-hidden=\"true\" class=\"wp-block-spacer\"><\/div><p class=\"has-text-align-center\"><em>L\u00edderes en Soluciones Energ\u00e9ticas Innovadoras para Hogares, Empresas e Industrias<\/em><\/p><div class=\"wp-block-group alignfull is-content-justification-center is-layout-constrained wp-container-core-group-is-layout-df757ecc wp-block-group-is-layout-constrained\" style=\"margin-top:0;margin-bottom:0;padding-top:calc( 0.5 * var(--wp--style--root--padding-right, var(--wp--custom--gap--horizontal)));padding-right:var(--wp--style--root--padding-right, var(--wp--custom--gap--horizontal));padding-bottom:calc( 0.5 * var(--wp--style--root--padding-right, var(--wp--custom--gap--horizontal)));padding-left:var(--wp--style--root--padding-left, var(--wp--custom--gap--horizontal))\"><div style=\"height:calc( 0.25 * var(--wp--style--root--padding-right, var(--wp--custom--gap--horizontal)))\" aria-hidden=\"true\" class=\"wp-block-spacer\"><\/div>\n\n<div class=\"wp-block-cover alignfull\" style=\"margin-top:0;margin-bottom:0;padding-top:3%;padding-right:0%;padding-bottom:10%;padding-left:5%;min-height:600px;aspect-ratio:unset;\"><span aria-hidden=\"true\" class=\"wp-block-cover__background has-background-dim\" style=\"background-color:#967a49\"><\/span><img loading=\"lazy\" decoding=\"async\" width=\"1280\" height=\"606\" class=\"wp-block-cover__image-background wp-image-733\" alt=\"\" src=\"https:\/\/teciss.com\/wp-content\/uploads\/2025\/03\/pvsyestem.jpg\" data-object-fit=\"cover\" srcset=\"https:\/\/teciss.com\/wp-content\/uploads\/2025\/03\/pvsyestem.jpg 1280w, https:\/\/teciss.com\/wp-content\/uploads\/2025\/03\/pvsyestem-300x142.jpg 300w, https:\/\/teciss.com\/wp-content\/uploads\/2025\/03\/pvsyestem-1024x485.jpg 1024w, https:\/\/teciss.com\/wp-content\/uploads\/2025\/03\/pvsyestem-768x364.jpg 768w, https:\/\/teciss.com\/wp-content\/uploads\/2025\/03\/pvsyestem-600x284.jpg 600w\" sizes=\"auto, (max-width: 1280px) 100vw, 1280px\" \/><div class=\"wp-block-cover__inner-container is-layout-flow wp-container-core-cover-is-layout-afcb1702 wp-block-cover-is-layout-flow\"><h2 class=\"wp-block-heading\"><strong>Transformando la Energ\u00eda, Construyendo un Futuro Sostenible<\/strong><\/h2>\n\n<p>Con una amplia gama de sillas de dise\u00f1o para elevar tu espacio vital.<\/p><\/div><\/div>\n\n<p>En&nbsp;<strong>TECISS Interfaz<\/strong>, impulsamos la transici\u00f3n hacia un&nbsp;<strong>futuro energ\u00e9tico limpio, eficiente y rentable<\/strong>. Ofrecemos tecnolog\u00edas de vanguardia en&nbsp;<strong>energ\u00eda renovable, eficiencia energ\u00e9tica e instalaciones el\u00e9ctricas inteligentes<\/strong>, adaptadas a las necesidades \u00fanicas de cada proyecto. Desde&nbsp;<strong>paneles solares<\/strong>&nbsp;hasta&nbsp;<strong>sistemas h\u00edbridos de \u00faltima generaci\u00f3n<\/strong>, convertimos la sostenibilidad en ahorro tangible y resultados medibles.<\/p>\n\n<div class=\"wp-block-buttons is-content-justification-center is-layout-flex wp-container-core-buttons-is-layout-e511ce0b wp-block-buttons-is-layout-flex\" style=\"margin-top:var(--wp--preset--spacing--30);margin-bottom:var(--wp--preset--spacing--30)\"><div class=\"wp-block-button\"><a class=\"wp-block-button__link wp-element-button\" href=\"https:\/\/teciss.com\/index.php\/contact\">Comience su proyecto <\/a><\/div><\/div>\n\n<div style=\"height:calc( 0.25 * var(--wp--style--root--padding-right, var(--wp--custom--gap--horizontal)))\" aria-hidden=\"true\" class=\"wp-block-spacer\"><\/div><\/div><div class=\"wp-block-columns alignwide are-vertically-aligned-top is-layout-flex wp-container-core-columns-is-layout-08c01c1c wp-block-columns-is-layout-flex\"><div class=\"wp-block-column is-vertically-aligned-top is-layout-flow wp-block-column-is-layout-flow\"><div class=\"wp-block-group wp-container-content-231d8afb is-vertical is-content-justification-left is-nowrap is-layout-flex wp-container-core-group-is-layout-d439c89b wp-block-group-is-layout-flex\" style=\"margin-top:0;margin-bottom:0\"><figure class=\"wp-block-image size-large wp-container-content-0733e5d0\"><img decoding=\"async\" src=\"https:\/\/s.w.org\/patterns\/files\/2021\/06\/Iris-793x1024.jpg\" alt=\"Preciosas impresiones fotomec\u00e1nicas de Iris blancos (1887-1897) de Ogawa Kazumasa. Original del Rijksmuseum. \" class=\"wp-image-525\"\/><\/figure>\n\n<div class=\"wp-block-group is-vertical is-nowrap is-layout-flex wp-container-core-group-is-layout-5280e479 wp-block-group-is-layout-flex\"><p class=\"has-medium-font-size\"><strong>Iris blancos<\/strong><\/p>\n\n<p class=\"has-small-font-size\">Ogawa Kazumasa<\/p><\/div><\/div><\/div>\n\n<div class=\"wp-block-column is-vertically-aligned-top is-layout-flow wp-block-column-is-layout-flow\"><div class=\"wp-block-group wp-container-content-231d8afb is-vertical is-layout-flex wp-container-core-group-is-layout-05b43539 wp-block-group-is-layout-flex\" style=\"margin-top:0;margin-bottom:0\"><div class=\"wp-block-group is-vertical is-nowrap is-layout-flex wp-container-core-group-is-layout-5280e479 wp-block-group-is-layout-flex\"><div style=\"height:0px\" aria-hidden=\"true\" class=\"wp-block-spacer wp-container-content-f96796aa\"><\/div>\n\n<p class=\"has-medium-font-size\"><strong>Flor de cerezo<\/strong><\/p>\n\n<p class=\"has-small-font-size\">Ogawa Kazumasa<\/p><\/div>\n\n<figure class=\"wp-block-image size-large\" style=\"font-size:14px\"><img decoding=\"async\" src=\"https:\/\/s.w.org\/patterns\/files\/2021\/06\/Cherry-Blossom-707x1024.jpg\" alt=\"Preciosas impresiones fotomec\u00e1nicas de Cerezos en flor (1887-1897) de Ogawa Kazumasa. Original del Rijksmuseum. \" class=\"wp-image-524\"\/><\/figure><\/div><\/div><\/div><div class=\"wp-block-cover alignfull\" style=\"padding-top:4vw;padding-right:4vw;padding-bottom:4vw;padding-left:4vw;min-height:66vh;aspect-ratio:unset;\"><span aria-hidden=\"true\" class=\"wp-block-cover__background has-black-background-color has-background-dim-100 has-background-dim\"><\/span><div class=\"wp-block-cover__inner-container is-layout-flow wp-block-cover-is-layout-flow\"><div class=\"wp-block-group is-content-justification-center is-nowrap is-layout-flex wp-container-core-group-is-layout-3eb4be21 wp-block-group-is-layout-flex\"><figure class=\"wp-block-image size-large\"><a href=\"https:\/\/thato.test\/?page_id=28\"><img decoding=\"async\" src=\"https:\/\/pd.w.org\/2022\/01\/84661f60659149cc8.02053291.jpg\" alt=\"\"\/><\/a><\/figure>\n\n<figure class=\"wp-block-image size-large\"><a href=\"https:\/\/thato.test\/?page_id=28\"><img decoding=\"async\" src=\"https:\/\/pd.w.org\/2022\/01\/21261f60ba46147b0.97888240.jpg\" alt=\"\"\/><\/a><\/figure><\/div><\/div><\/div><p><\/p>","protected":false},"excerpt":{"rendered":"<p>Transformando la Energ\u00eda, Construyendo un Futuro Sostenible L\u00edderes en Soluciones Energ\u00e9ticas Innovadoras para Hogares, Empresas e Industrias En&nbsp;TECISS Interfaz, impulsamos la transici\u00f3n hacia un&nbsp;futuro energ\u00e9tico limpio, eficiente y rentable. Ofrecemos tecnolog\u00edas de vanguardia en&nbsp;energ\u00eda renovable, eficiencia energ\u00e9tica e instalaciones el\u00e9ctricas inteligentes, adaptadas a las necesidades \u00fanicas de cada proyecto. Desde&nbsp;paneles solares&nbsp;hasta&nbsp;sistemas h\u00edbridos de \u00faltima generaci\u00f3n, [&hellip;]<\/p>\n","protected":false},"author":1,"featured_media":0,"parent":0,"menu_order":0,"comment_status":"closed","ping_status":"closed","template":"","meta":{"_regular_price":[],"currency_symbol":[],"footnotes":""},"class_list":["post-289","page","type-page","status-publish","hentry"],"post_slider_layout_featured_media_urls":{"thumbnail":"","post_slider_layout_landscape_large":"","post_slider_layout_portrait_large":"","post_slider_layout_square_large":"","post_slider_layout_landscape":"","post_slider_layout_portrait":"","post_slider_layout_square":"","full":""},"_links":{"self":[{"href":"https:\/\/teciss.com\/index.php\/wp-json\/wp\/v2\/pages\/289","targetHints":{"allow":["GET"]}}],"collection":[{"href":"https:\/\/teciss.com\/index.php\/wp-json\/wp\/v2\/pages"}],"about":[{"href":"https:\/\/teciss.com\/index.php\/wp-json\/wp\/v2\/types\/page"}],"author":[{"embeddable":true,"href":"https:\/\/teciss.com\/index.php\/wp-json\/wp\/v2\/users\/1"}],"replies":[{"embeddable":true,"href":"https:\/\/teciss.com\/index.php\/wp-json\/wp\/v2\/comments?post=289"}],"version-history":[{"count":5,"href":"https:\/\/teciss.com\/index.php\/wp-json\/wp\/v2\/pages\/289\/revisions"}],"predecessor-version":[{"id":744,"href":"https:\/\/teciss.com\/index.php\/wp-json\/wp\/v2\/pages\/289\/revisions\/744"}],"wp:attachment":[{"href":"https:\/\/teciss.com\/index.php\/wp-json\/wp\/v2\/media?parent=289"}],"curies":[{"name":"wp","href":"https:\/\/api.w.org\/{rel}","templated":true}]}}